{"id":745,"date":"2022-06-29T13:54:45","date_gmt":"2022-06-29T11:54:45","guid":{"rendered":"https:\/\/tarnabyalpint.se\/?page_id=745"},"modified":"2022-08-29T19:25:33","modified_gmt":"2022-08-29T17:25:33","slug":"lift-pass","status":"publish","type":"page","link":"https:\/\/tarnabyalpint.se\/en\/boka\/liftkort\/","title":{"rendered":"Get a lift pass"},"content":{"rendered":"<div class=\"wpb-content-wrapper\"><div data-parent=\"true\" class=\"vc_row row-container\" id=\"row-unique-0\"><div class=\"row no-top-padding no-bottom-padding single-h-padding limit-width row-parent\"><div class=\"wpb_row shift_y_neg_single row-inner\"><div class=\"wpb_column pos-top pos-center align_center column_parent col-lg-12 single-internal-gutter\"><div class=\"uncol style-light shift_y_neg_half shift_y_fixed\"  ><div class=\"uncoltable\"><div class=\"uncell\" ><div class=\"uncont no-block-padding col-custom-width\" style=\" max-width:80%;\" ><span class=\"btn-container btn-inline\" ><a role=\"button\"  href=\"\/en\/book\/lift-pass\/price-list\/\" class=\"custom-link btn border-width-0 btn-text-skin btn-color-tb-blue-002c48 btn-flat btn-icon-left\" style=\"min-width:280px\">Lift pass price list<\/a><\/span><span class=\"btn-container btn-inline\" ><a role=\"button\"  href=\"\/en\/ski-waxing\/slopes-and-lifts\/\" class=\"custom-link btn border-width-0 btn-text-skin btn-color-tb-blue-002c48 btn-flat btn-icon-left\" title=\"Opening hours\" style=\"min-width:280px\">Opening hours<\/a><\/span><div class=\"uncode_text_column text-lead\" ><\/p>\n<h2>Lift passes for T\u00e4rnaby and Hemavan<\/h2>\n<p>Our lift passes give you access to outstanding skiing in both T\u00e4rnaby and Hemavan. You can use one of the lift pass machines on site, or visit us at the lift pass sales point on the slopes. The easiest way to buy your lift pass is online, where you can load your card directly.<\/p>\n<\/div><div class=\"empty-space empty-double\" ><span class=\"empty-space-inner\"><\/span><\/div>\n\n\t<div class=\"wpb_raw_code wpb_raw_html\" >\n\t\t<div class=\"wpb_wrapper\">\n\t\t\t<div id=\"cb_init_bookingengine\">\n\n<\/div>\n\t\t<\/div>\n\t<\/div>\n<div class=\"empty-space empty-single\" ><span class=\"empty-space-inner\"><\/span><\/div>\n<\/div><\/div><\/div><\/div><\/div><script id=\"script-row-unique-0\" data-row=\"script-row-unique-0\" type=\"text\/javascript\" class=\"vc_controls\">UNCODE.initRow(document.getElementById(\"row-unique-0\"));<\/script><\/div><\/div><\/div><div data-parent=\"true\" class=\"vc_row row-container\" id=\"row-unique-1\"><div class=\"row limit-width row-parent\"><div class=\"wpb_row row-inner\"><div class=\"wpb_column pos-top pos-center align_center column_parent col-lg-12 single-internal-gutter\"><div class=\"uncol style-light\"  ><div class=\"uncoltable\"><div class=\"uncell no-block-padding\" ><div class=\"uncont\" ><div class=\"vc_row row-internal row-container\"><div class=\"row unequal row-child\"><div class=\"wpb_row row-inner\"><div class=\"wpb_column pos-middle pos-center align_left column_child col-lg-8 single-internal-gutter\"><div class=\"uncol style-light\" ><div class=\"uncoltable\"><div class=\"uncell no-block-padding\" ><div class=\"uncont\" ><div class=\"uncode-single-media  text-left\"><div class=\"single-wrapper\" style=\"max-width: 100%;\"><div class=\"tmb tmb-light  img-round img-round-std tmb-img-ratio tmb-media-first tmb-media-last tmb-content-overlay tmb-no-bg\"><div class=\"t-inside\"><div class=\"t-entry-visual\"><div class=\"t-entry-visual-tc\"><div class=\"uncode-single-media-wrapper img-round img-round-std\"><div class=\"dummy\" style=\"padding-top: 80%;\"><\/div><img decoding=\"async\" class=\"wp-image-1961\" src=\"https:\/\/tarnabyalpint.se\/wp-content\/uploads\/2022\/08\/Liftkort-Tarnaby-Alpint-Bla-1-webb-scaled-uai-2133x1707.jpg\" width=\"2133\" height=\"1707\" alt=\"Lift pass Tarnaby Alpint Bla 1 web\"><\/div>\n\t\t\t\t\t<\/div>\n\t\t\t\t<\/div><\/div><\/div><\/div><\/div><\/div><\/div><\/div><\/div><\/div><div class=\"wpb_column pos-middle pos-center align_left column_child col-lg-4 single-internal-gutter\"><div class=\"uncol style-light\" ><div class=\"uncoltable\"><div class=\"uncell no-block-padding\" ><div class=\"uncont\" ><div class=\"uncode_text_column\" ><\/p>\n<div class=\"uncoltable\">\n<div class=\"uncell vc_custom_1659809034212 no-block-padding\">\n<div class=\"uncont\">\n<div class=\"uncode_text_column\">\n<h3>More about lift passes<\/h3>\n<p>If you buy your lift pass online, you will receive a mobile ticket in the confirmation. Press it and you will get a QR code that you use when you pick up the ski pass in one of our lift pass machines. If you have loaded an existing lift pass, you do not need to go to the machine, your keycard is activated when you pass the turnstile on the way to the lift. Lift passes for our guests of honour (0-6 years &amp; 75+ years) can only be loaded in our ski rentals.<\/p>\n<\/div>\n<\/div>\n<\/div>\n<\/div>\n<p>\n<\/div><div class=\"empty-space empty-single\" ><span class=\"empty-space-inner\"><\/span><\/div>\n<span class=\"btn-container btn-inline\" ><a role=\"button\"  href=\"\/en\/book\/lift-pass\/price-list\/\" class=\"custom-link btn btn-sm border-width-0 btn-default btn-flat btn-icon-left\">PRICE LIST<\/a><\/span><span class=\"btn-container btn-inline\" ><a role=\"button\"  href=\"\/en\/ski-waxing\/slopes-and-lifts\/\" class=\"custom-link btn btn-sm border-width-0 btn-default btn-flat btn-icon-left\">OPENING HOURS<\/a><\/span><\/div><\/div><\/div><\/div><\/div><\/div><\/div><\/div><div class=\"empty-space empty-single\" ><span class=\"empty-space-inner\"><\/span><\/div>\n<\/div><\/div><\/div><\/div><\/div><script id=\"script-row-unique-1\" data-row=\"script-row-unique-1\" type=\"text\/javascript\" class=\"vc_controls\">UNCODE.initRow(document.getElementById(\"row-unique-1\"));<\/script><\/div><\/div><\/div>\n<\/div>","protected":false},"excerpt":{"rendered":"Prislista liftkort\u00d6ppettiderLiftkort f\u00f6r T\u00e4rnaby och Hemavan Med v\u00e5ra liftkort f\u00e5r du tillg\u00e5ng till enast\u00e5ende skid\u00e5kning i b\u00e5de T\u00e4rnaby och Hemavan. [...]","protected":false},"author":1,"featured_media":1365,"parent":447,"menu_order":0,"comment_status":"closed","ping_status":"closed","template":"","meta":{"_acf_changed":false,"footnotes":""},"class_list":["post-745","page","type-page","status-publish","has-post-thumbnail","hentry"],"acf":[],"yoast_head":"<!-- This site is optimized with the Yoast SEO plugin v27.2 - https:\/\/yoast.com\/product\/yoast-seo-wordpress\/ -->\n<title>Fixa liftkort - T\u00e4rnaby Alpint<\/title>\n<meta name=\"robots\" content=\"index, follow, max-snippet:-1, max-image-preview:large, max-video-preview:-1\" \/>\n<link rel=\"canonical\" href=\"https:\/\/tarnabyalpint.se\/en\/book\/lift-pass\/\" \/>\n<meta property=\"og:locale\" content=\"en_GB\" \/>\n<meta property=\"og:type\" content=\"article\" \/>\n<meta property=\"og:title\" content=\"Fixa liftkort - T\u00e4rnaby Alpint\" \/>\n<meta property=\"og:url\" content=\"https:\/\/tarnabyalpint.se\/en\/book\/lift-pass\/\" \/>\n<meta property=\"og:site_name\" content=\"T\u00e4rnaby Alpint\" \/>\n<meta property=\"article:publisher\" content=\"https:\/\/www.facebook.com\/profile.php?id=100063492703007\" \/>\n<meta property=\"article:modified_time\" content=\"2022-08-29T17:25:33+00:00\" \/>\n<meta property=\"og:image\" content=\"https:\/\/tarnabyalpint.se\/wp-content\/uploads\/2022\/08\/Tarnaby-Hemavan-Kop-Liftkort-Hero-webb-2-scaled.jpg\" \/>\n\t<meta property=\"og:image:width\" content=\"2560\" \/>\n\t<meta property=\"og:image:height\" content=\"1707\" \/>\n\t<meta property=\"og:image:type\" content=\"image\/jpeg\" \/>\n<meta name=\"twitter:card\" content=\"summary_large_image\" \/>\n<meta name=\"twitter:label1\" content=\"Estimated reading time\" \/>\n\t<meta name=\"twitter:data1\" content=\"2 minutes\" \/>\n<script type=\"application\/ld+json\" class=\"yoast-schema-graph\">{\"@context\":\"https:\/\/schema.org\",\"@graph\":[{\"@type\":\"WebPage\",\"@id\":\"https:\/\/tarnabyalpint.se\/boka\/liftkort\/\",\"url\":\"https:\/\/tarnabyalpint.se\/boka\/liftkort\/\",\"name\":\"Fixa liftkort - T\u00e4rnaby Alpint\",\"isPartOf\":{\"@id\":\"https:\/\/tarnabyalpint.se\/#website\"},\"primaryImageOfPage\":{\"@id\":\"https:\/\/tarnabyalpint.se\/boka\/liftkort\/#primaryimage\"},\"image\":{\"@id\":\"https:\/\/tarnabyalpint.se\/boka\/liftkort\/#primaryimage\"},\"thumbnailUrl\":\"https:\/\/tarnabyalpint.se\/wp-content\/uploads\/2022\/08\/Tarnaby-Hemavan-Kop-Liftkort-Hero-webb-2-scaled.jpg\",\"datePublished\":\"2022-06-29T11:54:45+00:00\",\"dateModified\":\"2022-08-29T17:25:33+00:00\",\"breadcrumb\":{\"@id\":\"https:\/\/tarnabyalpint.se\/boka\/liftkort\/#breadcrumb\"},\"inLanguage\":\"en-GB\",\"potentialAction\":[{\"@type\":\"ReadAction\",\"target\":[\"https:\/\/tarnabyalpint.se\/boka\/liftkort\/\"]}]},{\"@type\":\"ImageObject\",\"inLanguage\":\"en-GB\",\"@id\":\"https:\/\/tarnabyalpint.se\/boka\/liftkort\/#primaryimage\",\"url\":\"https:\/\/tarnabyalpint.se\/wp-content\/uploads\/2022\/08\/Tarnaby-Hemavan-Kop-Liftkort-Hero-webb-2-scaled.jpg\",\"contentUrl\":\"https:\/\/tarnabyalpint.se\/wp-content\/uploads\/2022\/08\/Tarnaby-Hemavan-Kop-Liftkort-Hero-webb-2-scaled.jpg\",\"width\":2560,\"height\":1707,\"caption\":\"Tarnaby Hemavan Kop Liftkort Hero webb 2\"},{\"@type\":\"BreadcrumbList\",\"@id\":\"https:\/\/tarnabyalpint.se\/boka\/liftkort\/#breadcrumb\",\"itemListElement\":[{\"@type\":\"ListItem\",\"position\":1,\"name\":\"Boka\",\"item\":\"https:\/\/tarnabyalpint.se\/boka\/\"},{\"@type\":\"ListItem\",\"position\":2,\"name\":\"Fixa liftkort\"}]},{\"@type\":\"WebSite\",\"@id\":\"https:\/\/tarnabyalpint.se\/#website\",\"url\":\"https:\/\/tarnabyalpint.se\/\",\"name\":\"T\u00e4rnaby Alpint\",\"description\":\"En till WordPress-webbplats\",\"publisher\":{\"@id\":\"https:\/\/tarnabyalpint.se\/#organization\"},\"potentialAction\":[{\"@type\":\"SearchAction\",\"target\":{\"@type\":\"EntryPoint\",\"urlTemplate\":\"https:\/\/tarnabyalpint.se\/?s={search_term_string}\"},\"query-input\":{\"@type\":\"PropertyValueSpecification\",\"valueRequired\":true,\"valueName\":\"search_term_string\"}}],\"inLanguage\":\"en-GB\"},{\"@type\":\"Organization\",\"@id\":\"https:\/\/tarnabyalpint.se\/#organization\",\"name\":\"T\u00e4rnaby Alpint\",\"url\":\"https:\/\/tarnabyalpint.se\/\",\"logo\":{\"@type\":\"ImageObject\",\"inLanguage\":\"en-GB\",\"@id\":\"https:\/\/tarnabyalpint.se\/#\/schema\/logo\/image\/\",\"url\":\"https:\/\/tarnabyalpint.se\/wp-content\/uploads\/2022\/08\/tarnaby-alpint-white-blue-logo.jpg\",\"contentUrl\":\"https:\/\/tarnabyalpint.se\/wp-content\/uploads\/2022\/08\/tarnaby-alpint-white-blue-logo.jpg\",\"width\":900,\"height\":610,\"caption\":\"T\u00e4rnaby Alpint\"},\"image\":{\"@id\":\"https:\/\/tarnabyalpint.se\/#\/schema\/logo\/image\/\"},\"sameAs\":[\"https:\/\/www.facebook.com\/profile.php?id=100063492703007\"]}]}<\/script>\n<!-- \/ Yoast SEO plugin. -->","yoast_head_json":{"title":"Get a lift pass - T\u00e4rnaby Alpint","robots":{"index":"index","follow":"follow","max-snippet":"max-snippet:-1","max-image-preview":"max-image-preview:large","max-video-preview":"max-video-preview:-1"},"canonical":"https:\/\/tarnabyalpint.se\/en\/book\/lift-pass\/","og_locale":"en_GB","og_type":"article","og_title":"Fixa liftkort - T\u00e4rnaby Alpint","og_url":"https:\/\/tarnabyalpint.se\/en\/book\/lift-pass\/","og_site_name":"T\u00e4rnaby Alpint","article_publisher":"https:\/\/www.facebook.com\/profile.php?id=100063492703007","article_modified_time":"2022-08-29T17:25:33+00:00","og_image":[{"width":2560,"height":1707,"url":"https:\/\/tarnabyalpint.se\/wp-content\/uploads\/2022\/08\/Tarnaby-Hemavan-Kop-Liftkort-Hero-webb-2-scaled.jpg","type":"image\/jpeg"}],"twitter_card":"summary_large_image","twitter_misc":{"Estimated reading time":"2 minutes"},"schema":{"@context":"https:\/\/schema.org","@graph":[{"@type":"WebPage","@id":"https:\/\/tarnabyalpint.se\/boka\/liftkort\/","url":"https:\/\/tarnabyalpint.se\/boka\/liftkort\/","name":"Get a lift pass - T\u00e4rnaby Alpint","isPartOf":{"@id":"https:\/\/tarnabyalpint.se\/#website"},"primaryImageOfPage":{"@id":"https:\/\/tarnabyalpint.se\/boka\/liftkort\/#primaryimage"},"image":{"@id":"https:\/\/tarnabyalpint.se\/boka\/liftkort\/#primaryimage"},"thumbnailUrl":"https:\/\/tarnabyalpint.se\/wp-content\/uploads\/2022\/08\/Tarnaby-Hemavan-Kop-Liftkort-Hero-webb-2-scaled.jpg","datePublished":"2022-06-29T11:54:45+00:00","dateModified":"2022-08-29T17:25:33+00:00","breadcrumb":{"@id":"https:\/\/tarnabyalpint.se\/boka\/liftkort\/#breadcrumb"},"inLanguage":"en-GB","potentialAction":[{"@type":"ReadAction","target":["https:\/\/tarnabyalpint.se\/boka\/liftkort\/"]}]},{"@type":"ImageObject","inLanguage":"en-GB","@id":"https:\/\/tarnabyalpint.se\/boka\/liftkort\/#primaryimage","url":"https:\/\/tarnabyalpint.se\/wp-content\/uploads\/2022\/08\/Tarnaby-Hemavan-Kop-Liftkort-Hero-webb-2-scaled.jpg","contentUrl":"https:\/\/tarnabyalpint.se\/wp-content\/uploads\/2022\/08\/Tarnaby-Hemavan-Kop-Liftkort-Hero-webb-2-scaled.jpg","width":2560,"height":1707,"caption":"Tarnaby Hemavan Kop Liftkort Hero webb 2"},{"@type":"BreadcrumbList","@id":"https:\/\/tarnabyalpint.se\/boka\/liftkort\/#breadcrumb","itemListElement":[{"@type":"ListItem","position":1,"name":"Boka","item":"https:\/\/tarnabyalpint.se\/boka\/"},{"@type":"ListItem","position":2,"name":"Fixa liftkort"}]},{"@type":"WebSite","@id":"https:\/\/tarnabyalpint.se\/#website","url":"https:\/\/tarnabyalpint.se\/","name":"T\u00e4rnaby Alpine Skiing","description":"Another WordPress website","publisher":{"@id":"https:\/\/tarnabyalpint.se\/#organization"},"potentialAction":[{"@type":"SearchAction","target":{"@type":"EntryPoint","urlTemplate":"https:\/\/tarnabyalpint.se\/?s={search_term_string}"},"query-input":{"@type":"PropertyValueSpecification","valueRequired":true,"valueName":"search_term_string"}}],"inLanguage":"en-GB"},{"@type":"Organization","@id":"https:\/\/tarnabyalpint.se\/#organization","name":"T\u00e4rnaby Alpine Skiing","url":"https:\/\/tarnabyalpint.se\/","logo":{"@type":"ImageObject","inLanguage":"en-GB","@id":"https:\/\/tarnabyalpint.se\/#\/schema\/logo\/image\/","url":"https:\/\/tarnabyalpint.se\/wp-content\/uploads\/2022\/08\/tarnaby-alpint-white-blue-logo.jpg","contentUrl":"https:\/\/tarnabyalpint.se\/wp-content\/uploads\/2022\/08\/tarnaby-alpint-white-blue-logo.jpg","width":900,"height":610,"caption":"T\u00e4rnaby Alpint"},"image":{"@id":"https:\/\/tarnabyalpint.se\/#\/schema\/logo\/image\/"},"sameAs":["https:\/\/www.facebook.com\/profile.php?id=100063492703007"]}]}},"_links":{"self":[{"href":"https:\/\/tarnabyalpint.se\/en\/wp-json\/wp\/v2\/pages\/745","targetHints":{"allow":["GET"]}}],"collection":[{"href":"https:\/\/tarnabyalpint.se\/en\/wp-json\/wp\/v2\/pages"}],"about":[{"href":"https:\/\/tarnabyalpint.se\/en\/wp-json\/wp\/v2\/types\/page"}],"author":[{"embeddable":true,"href":"https:\/\/tarnabyalpint.se\/en\/wp-json\/wp\/v2\/users\/1"}],"replies":[{"embeddable":true,"href":"https:\/\/tarnabyalpint.se\/en\/wp-json\/wp\/v2\/comments?post=745"}],"version-history":[{"count":26,"href":"https:\/\/tarnabyalpint.se\/en\/wp-json\/wp\/v2\/pages\/745\/revisions"}],"predecessor-version":[{"id":2154,"href":"https:\/\/tarnabyalpint.se\/en\/wp-json\/wp\/v2\/pages\/745\/revisions\/2154"}],"up":[{"embeddable":true,"href":"https:\/\/tarnabyalpint.se\/en\/wp-json\/wp\/v2\/pages\/447"}],"wp:featuredmedia":[{"embeddable":true,"href":"https:\/\/tarnabyalpint.se\/en\/wp-json\/wp\/v2\/media\/1365"}],"wp:attachment":[{"href":"https:\/\/tarnabyalpint.se\/en\/wp-json\/wp\/v2\/media?parent=745"}],"curies":[{"name":"wp","href":"https:\/\/api.w.org\/{rel}","templated":true}]}}