{"id":3,"date":"2022-06-08T11:34:53","date_gmt":"2022-06-08T09:34:53","guid":{"rendered":"https:\/\/tarnabyalpint.se\/?page_id=3"},"modified":"2025-03-14T16:24:30","modified_gmt":"2025-03-14T15:24:30","slug":"privacy-policy","status":"publish","type":"page","link":"https:\/\/tarnabyalpint.se\/en\/integritetspolicy\/","title":{"rendered":"Privacy policy"},"content":{"rendered":"<div class=\"wpb-content-wrapper\"><div data-parent=\"true\" class=\"vc_row row-container\" id=\"row-unique-0\"><div class=\"row single-top-padding triple-bottom-padding single-h-padding limit-width row-parent\"><div class=\"wpb_row row-inner\"><div class=\"wpb_column pos-top pos-center align_left column_parent col-lg-2 single-internal-gutter\"><div class=\"uncol style-light\"  ><div class=\"uncoltable\"><div class=\"uncell no-block-padding\" ><div class=\"uncont\" ><\/div><\/div><\/div><\/div><\/div><div class=\"wpb_column pos-top pos-center align_left column_parent col-lg-8 single-internal-gutter\"><div class=\"uncol style-light\"  ><div class=\"uncoltable\"><div class=\"uncell no-block-padding\" ><div class=\"uncont\" ><div class=\"uncode_text_column\" ><p>T\u00e4rnaby Alpint AB, reg. no. 556931-6242, is responsible for the processing of the personal data you register, such as name, address, social security number, mobile and telephone number and e-mail address. Your personal data is processed in accordance with the General Data Protection Regulation (GDPR).<\/p>\n<h3>How do we use your personal data?<\/h3>\n<p>We collect personal data that you send to us, for example when you make a booking or make a payment. Here you can read more in detail about why we process your personal data, what the legal basis for the processing is and how long we save your personal data. Here you can see which cookies we use on the website.<\/p>\n<h3>We may use your personal data for the following purposes:<\/h3>\n<p><strong>To manage your bookings and payments<\/strong><br \/>\nWe process your personal data in order to administer your booking and payment with us. Your booking includes information about booked ski school, purchase of lift pass, booking of racing\/trass\u00e9, etc. For example, when invoicing, the data is saved based on the time required by the Accounting Act.<br \/>\nRetention period: Your data will be deleted 2 years after the last purchase\/booking or according to the Accounting Act.<\/p>\n<p><strong>To handle customer service enquiries<\/strong><br \/>\nWe process your personal data when you are in contact with us, for example via email, chat or social media.<br \/>\nRetention period: Data is purged when the case is closed, but in social media, data is retained longer - for a maximum of two years.<\/p>\n<h3>Who has access to your personal data?<\/h3>\n<p>Your personal data is processed by us at T\u00e4rnaby Alpint AB. Your personal data may also be disclosed to and processed by our partners for the stated purposes.<\/p>\n<p><strong>How is your personal data protected?<\/strong><\/p>\n<p>We have put in place technical and organisational measures to protect your data from loss, manipulation and unauthorised access. We continuously adapt our security measures in line with advances and developments in technology.<\/p>\n<p><strong>Protected identity<\/strong><\/p>\n<p>If you have a protected identity or for other reasons want us to handle your personal data in a way that suits you, please contact us on +46 (0)70 356 94 82 and we will help you.<\/p>\n<h3>Your rights<\/h3>\n<p>You have the right to request information about the personal data we hold about you at any time. If your data is inaccurate, incomplete or irrelevant, you can request that it be corrected or deleted. We cannot delete your data where there is a legal requirement to retain it, such as accounting rules, or where there are other legitimate reasons.<\/p>\n<h3>Contact us<\/h3>\n<p>T\u00e4rnaby Alpint AB<br \/>\nBox 44, 90102 Ume\u00e5<\/p>\n<p>Telephone: +46 (0)70 356 94 82<br \/>\nE-mail: <a href=\"mailto:kontakt@tarnabyalpint.se\">kontakt@tarnabyalpint.se<\/a><\/p>\n<\/div><\/div><\/div><\/div><\/div><\/div><div class=\"wpb_column pos-top pos-center align_left column_parent col-lg-2 single-internal-gutter\"><div class=\"uncol style-light\"  ><div class=\"uncoltable\"><div class=\"uncell no-block-padding\" ><div class=\"uncont\" ><\/div><\/div><\/div><\/div><\/div><script id=\"script-row-unique-0\" data-row=\"script-row-unique-0\" type=\"text\/javascript\" class=\"vc_controls\">UNCODE.initRow(document.getElementById(\"row-unique-0\"));<\/script><\/div><\/div><\/div>\n<\/div>","protected":false},"excerpt":{"rendered":"T\u00e4rnaby Alpint AB, org.nr. 556931-6242, \u00e4r ansvariga f\u00f6r behandlingen av de personuppgifter du registrerar, s\u00e5som namn, adress, personnummer, mobil- och [...]","protected":false},"author":1,"featured_media":0,"parent":0,"menu_order":0,"comment_status":"closed","ping_status":"open","template":"","meta":{"_acf_changed":false,"footnotes":""},"class_list":["post-3","page","type-page","status-publish","hentry"],"acf":[],"yoast_head":"<!-- This site is optimized with the Yoast SEO plugin v27.2 - https:\/\/yoast.com\/product\/yoast-seo-wordpress\/ -->\n<title>Integritetspolicy - T\u00e4rnaby Alpint<\/title>\n<meta name=\"robots\" content=\"index, follow, max-snippet:-1, max-image-preview:large, max-video-preview:-1\" \/>\n<link rel=\"canonical\" href=\"https:\/\/tarnabyalpint.se\/en\/privacy-policy\/\" \/>\n<meta property=\"og:locale\" content=\"en_GB\" \/>\n<meta property=\"og:type\" content=\"article\" \/>\n<meta property=\"og:title\" content=\"Integritetspolicy - T\u00e4rnaby Alpint\" \/>\n<meta property=\"og:url\" content=\"https:\/\/tarnabyalpint.se\/en\/privacy-policy\/\" \/>\n<meta property=\"og:site_name\" content=\"T\u00e4rnaby Alpint\" \/>\n<meta property=\"article:publisher\" content=\"https:\/\/www.facebook.com\/profile.php?id=100063492703007\" \/>\n<meta property=\"article:modified_time\" content=\"2025-03-14T15:24:30+00:00\" \/>\n<meta name=\"twitter:card\" content=\"summary_large_image\" \/>\n<meta name=\"twitter:label1\" content=\"Estimated reading time\" \/>\n\t<meta name=\"twitter:data1\" content=\"3 minutes\" \/>\n<script type=\"application\/ld+json\" class=\"yoast-schema-graph\">{\"@context\":\"https:\/\/schema.org\",\"@graph\":[{\"@type\":\"WebPage\",\"@id\":\"https:\/\/tarnabyalpint.se\/integritetspolicy\/\",\"url\":\"https:\/\/tarnabyalpint.se\/integritetspolicy\/\",\"name\":\"Integritetspolicy - T\u00e4rnaby Alpint\",\"isPartOf\":{\"@id\":\"https:\/\/tarnabyalpint.se\/#website\"},\"datePublished\":\"2022-06-08T09:34:53+00:00\",\"dateModified\":\"2025-03-14T15:24:30+00:00\",\"inLanguage\":\"en-GB\",\"potentialAction\":[{\"@type\":\"ReadAction\",\"target\":[\"https:\/\/tarnabyalpint.se\/integritetspolicy\/\"]}]},{\"@type\":\"WebSite\",\"@id\":\"https:\/\/tarnabyalpint.se\/#website\",\"url\":\"https:\/\/tarnabyalpint.se\/\",\"name\":\"T\u00e4rnaby Alpint\",\"description\":\"En till WordPress-webbplats\",\"publisher\":{\"@id\":\"https:\/\/tarnabyalpint.se\/#organization\"},\"potentialAction\":[{\"@type\":\"SearchAction\",\"target\":{\"@type\":\"EntryPoint\",\"urlTemplate\":\"https:\/\/tarnabyalpint.se\/?s={search_term_string}\"},\"query-input\":{\"@type\":\"PropertyValueSpecification\",\"valueRequired\":true,\"valueName\":\"search_term_string\"}}],\"inLanguage\":\"en-GB\"},{\"@type\":\"Organization\",\"@id\":\"https:\/\/tarnabyalpint.se\/#organization\",\"name\":\"T\u00e4rnaby Alpint\",\"url\":\"https:\/\/tarnabyalpint.se\/\",\"logo\":{\"@type\":\"ImageObject\",\"inLanguage\":\"en-GB\",\"@id\":\"https:\/\/tarnabyalpint.se\/#\/schema\/logo\/image\/\",\"url\":\"https:\/\/tarnabyalpint.se\/wp-content\/uploads\/2022\/08\/tarnaby-alpint-white-blue-logo.jpg\",\"contentUrl\":\"https:\/\/tarnabyalpint.se\/wp-content\/uploads\/2022\/08\/tarnaby-alpint-white-blue-logo.jpg\",\"width\":900,\"height\":610,\"caption\":\"T\u00e4rnaby Alpint\"},\"image\":{\"@id\":\"https:\/\/tarnabyalpint.se\/#\/schema\/logo\/image\/\"},\"sameAs\":[\"https:\/\/www.facebook.com\/profile.php?id=100063492703007\"]}]}<\/script>\n<!-- \/ Yoast SEO plugin. -->","yoast_head_json":{"title":"Privacy policy - T\u00e4rnaby Alpint","robots":{"index":"index","follow":"follow","max-snippet":"max-snippet:-1","max-image-preview":"max-image-preview:large","max-video-preview":"max-video-preview:-1"},"canonical":"https:\/\/tarnabyalpint.se\/en\/privacy-policy\/","og_locale":"en_GB","og_type":"article","og_title":"Integritetspolicy - T\u00e4rnaby Alpint","og_url":"https:\/\/tarnabyalpint.se\/en\/privacy-policy\/","og_site_name":"T\u00e4rnaby Alpint","article_publisher":"https:\/\/www.facebook.com\/profile.php?id=100063492703007","article_modified_time":"2025-03-14T15:24:30+00:00","twitter_card":"summary_large_image","twitter_misc":{"Estimated reading time":"3 minutes"},"schema":{"@context":"https:\/\/schema.org","@graph":[{"@type":"WebPage","@id":"https:\/\/tarnabyalpint.se\/integritetspolicy\/","url":"https:\/\/tarnabyalpint.se\/integritetspolicy\/","name":"Privacy policy - T\u00e4rnaby Alpint","isPartOf":{"@id":"https:\/\/tarnabyalpint.se\/#website"},"datePublished":"2022-06-08T09:34:53+00:00","dateModified":"2025-03-14T15:24:30+00:00","inLanguage":"en-GB","potentialAction":[{"@type":"ReadAction","target":["https:\/\/tarnabyalpint.se\/integritetspolicy\/"]}]},{"@type":"WebSite","@id":"https:\/\/tarnabyalpint.se\/#website","url":"https:\/\/tarnabyalpint.se\/","name":"T\u00e4rnaby Alpine Skiing","description":"Another WordPress website","publisher":{"@id":"https:\/\/tarnabyalpint.se\/#organization"},"potentialAction":[{"@type":"SearchAction","target":{"@type":"EntryPoint","urlTemplate":"https:\/\/tarnabyalpint.se\/?s={search_term_string}"},"query-input":{"@type":"PropertyValueSpecification","valueRequired":true,"valueName":"search_term_string"}}],"inLanguage":"en-GB"},{"@type":"Organization","@id":"https:\/\/tarnabyalpint.se\/#organization","name":"T\u00e4rnaby Alpine Skiing","url":"https:\/\/tarnabyalpint.se\/","logo":{"@type":"ImageObject","inLanguage":"en-GB","@id":"https:\/\/tarnabyalpint.se\/#\/schema\/logo\/image\/","url":"https:\/\/tarnabyalpint.se\/wp-content\/uploads\/2022\/08\/tarnaby-alpint-white-blue-logo.jpg","contentUrl":"https:\/\/tarnabyalpint.se\/wp-content\/uploads\/2022\/08\/tarnaby-alpint-white-blue-logo.jpg","width":900,"height":610,"caption":"T\u00e4rnaby Alpint"},"image":{"@id":"https:\/\/tarnabyalpint.se\/#\/schema\/logo\/image\/"},"sameAs":["https:\/\/www.facebook.com\/profile.php?id=100063492703007"]}]}},"_links":{"self":[{"href":"https:\/\/tarnabyalpint.se\/en\/wp-json\/wp\/v2\/pages\/3","targetHints":{"allow":["GET"]}}],"collection":[{"href":"https:\/\/tarnabyalpint.se\/en\/wp-json\/wp\/v2\/pages"}],"about":[{"href":"https:\/\/tarnabyalpint.se\/en\/wp-json\/wp\/v2\/types\/page"}],"author":[{"embeddable":true,"href":"https:\/\/tarnabyalpint.se\/en\/wp-json\/wp\/v2\/users\/1"}],"replies":[{"embeddable":true,"href":"https:\/\/tarnabyalpint.se\/en\/wp-json\/wp\/v2\/comments?post=3"}],"version-history":[{"count":6,"href":"https:\/\/tarnabyalpint.se\/en\/wp-json\/wp\/v2\/pages\/3\/revisions"}],"predecessor-version":[{"id":3793,"href":"https:\/\/tarnabyalpint.se\/en\/wp-json\/wp\/v2\/pages\/3\/revisions\/3793"}],"wp:attachment":[{"href":"https:\/\/tarnabyalpint.se\/en\/wp-json\/wp\/v2\/media?parent=3"}],"curies":[{"name":"wp","href":"https:\/\/api.w.org\/{rel}","templated":true}]}}