{"id":2092,"date":"2022-08-28T21:23:12","date_gmt":"2022-08-28T19:23:12","guid":{"rendered":"https:\/\/tarnabyalpint.se\/?page_id=2092"},"modified":"2022-08-28T21:25:20","modified_gmt":"2022-08-28T19:25:20","slug":"questions-and-answers-racing","status":"publish","type":"page","link":"https:\/\/tarnabyalpint.se\/en\/skidakning\/racing\/fragor-och-svar-racing\/","title":{"rendered":"Racing questions and answers"},"content":{"rendered":"<div class=\"wpb-content-wrapper\"><div data-parent=\"true\" class=\"vc_row row-container\" id=\"row-unique-0\"><div class=\"row unequal single-top-padding single-bottom-padding triple-h-padding limit-width row-parent\"><div class=\"wpb_row row-inner\"><div class=\"wpb_column pos-top pos-center align_center column_parent col-lg-6 single-internal-gutter\"><div class=\"uncol style-light\" style=\"max-width:80%; margin-left:auto; margin-right:auto;\"  ><div class=\"uncoltable\"><div class=\"uncell no-block-padding\" ><div class=\"uncont\" style=\" max-width:80%;\" ><div class=\"uncode_text_column\" ><p><strong>How do I book a coach\/training?<\/strong><br \/>\n- Go to our website under racing and press the button book a race and fill in your details and we will get back to you. You can always call us and you will find the number under contacts.<\/p>\n<p><strong>Where can I find accommodation in T\u00e4rnaby?<\/strong><br \/>\n- Most accommodation in T\u00e4rnaby is close to the slopes, you will find contacts for accommodation under book.<\/p>\n<p><strong>Who can train in T\u00e4rnaby?<\/strong><br \/>\n- Everyone is welcome to book a training session with us. Whether you are a few, a large club, a national team or you come yourself, you will have the opportunity to train with us.<\/p>\n<p><strong>What times can we train?<\/strong><br \/>\n- Training usually takes place during regular opening hours. However, depending on the weather, the surface and the number of bookings, training may also take place outside normal opening hours. The most important thing is that the training is as good as possible for you who are going to train.<\/p>\n<p><strong>Can we leave equipment in the back?<\/strong><br \/>\n- It is possible to leave sticks etc. in the back. Ask when you arrive on site and we will solve it.<\/p>\n<p><strong>If it needs salting, do we need our own salt?<\/strong><br \/>\n- No, you buy salt from us at the plant.<\/p>\n<\/div><\/div><\/div><\/div><\/div><\/div><div class=\"wpb_column pos-top pos-center align_center column_parent col-lg-6 single-internal-gutter\"><div class=\"uncol style-light\" style=\"max-width:80%; margin-left:auto; margin-right:auto;\"  ><div class=\"uncoltable\"><div class=\"uncell no-block-padding\" ><div class=\"uncont\" ><div class=\"uncode_text_column\" ><p><strong>Do you use the tray?<\/strong><br \/>\n- Yes, parts of the hill are beamed if conditions allow it. We always strive to get as good a racing surface as possible in the training slopes.<\/p>\n<p><strong>Which slopes are used for training?<\/strong><br \/>\n- Training is primarily in Ingemarbacken, but Anjabacken is also used for training.<\/p>\n<p><strong>Can we practice speed?<\/strong><br \/>\n- It is possible to do speed training with us. But it must be booked in advance so that we can plan it so that it does not clash with other things in the facility.<\/p>\n<p><strong>Where is information about the training updated when we are on site?<\/strong><br \/>\n- Become a member of our Facebook page, info for coaches and groups in T\u00e4rnaby. There we post info about times, routes etc.<\/p>\n<p><strong>Can I hire a walking stick and equipment?<\/strong><br \/>\n- No, it is not.<\/p>\n<p><strong>Can I book a trainer?<\/strong><br \/>\n- Contact Skidspets to book a camp.<\/p>\n<p><strong>Where are coaches' meetings held?<\/strong><br \/>\n- Coaches meetings are held at the lift house in Ingemarbacken in the morning. 08.45 unless otherwise stated on the Facebook page.<\/p>\n<\/div><\/div><\/div><\/div><\/div><\/div><script id=\"script-row-unique-0\" data-row=\"script-row-unique-0\" type=\"text\/javascript\" class=\"vc_controls\">UNCODE.initRow(document.getElementById(\"row-unique-0\"));<\/script><\/div><\/div><\/div><div data-parent=\"true\" class=\"vc_row row-container\" id=\"row-unique-1\"><div class=\"row single-top-padding triple-bottom-padding single-h-padding limit-width row-parent\"><div class=\"wpb_row row-inner\"><div class=\"wpb_column pos-top pos-center align_center column_parent col-lg-12 single-internal-gutter\"><div class=\"uncol style-light\"  ><div class=\"uncoltable\"><div class=\"uncell no-block-padding\" ><div class=\"uncont\" ><span class=\"btn-container\" ><a role=\"button\"  href=\"\/en\/ski-waxing\/racing\/\" class=\"custom-link btn border-width-0 btn-default btn-flat btn-icon-left\">Racing<\/a><\/span><\/div><\/div><\/div><\/div><\/div><script id=\"script-row-unique-1\" data-row=\"script-row-unique-1\" type=\"text\/javascript\" class=\"vc_controls\">UNCODE.initRow(document.getElementById(\"row-unique-1\"));<\/script><\/div><\/div><\/div>\n<\/div>","protected":false},"excerpt":{"rendered":"<p>Below you will find common racing questions and answers.<\/p>","protected":false},"author":1,"featured_media":0,"parent":539,"menu_order":0,"comment_status":"closed","ping_status":"closed","template":"","meta":{"_acf_changed":false,"footnotes":""},"class_list":["post-2092","page","type-page","status-publish","hentry"],"acf":[],"yoast_head":"<!-- This site is optimized with the Yoast SEO plugin v27.2 - https:\/\/yoast.com\/product\/yoast-seo-wordpress\/ -->\n<title>Fr\u00e5gor och svar racing - T\u00e4rnaby Alpint<\/title>\n<meta name=\"robots\" content=\"index, follow, max-snippet:-1, max-image-preview:large, max-video-preview:-1\" \/>\n<link rel=\"canonical\" href=\"https:\/\/tarnabyalpint.se\/en\/ski-waxing\/racing\/questions-and-answers-racing\/\" \/>\n<meta property=\"og:locale\" content=\"en_GB\" \/>\n<meta property=\"og:type\" content=\"article\" \/>\n<meta property=\"og:title\" content=\"Fr\u00e5gor och svar racing - T\u00e4rnaby Alpint\" \/>\n<meta property=\"og:description\" content=\"H\u00e4r nedan finner ni vanliga racingfr\u00e5gor och svar p\u00e5 dessa.\" \/>\n<meta property=\"og:url\" content=\"https:\/\/tarnabyalpint.se\/en\/ski-waxing\/racing\/questions-and-answers-racing\/\" \/>\n<meta property=\"og:site_name\" content=\"T\u00e4rnaby Alpint\" \/>\n<meta property=\"article:publisher\" content=\"https:\/\/www.facebook.com\/profile.php?id=100063492703007\" \/>\n<meta property=\"article:modified_time\" content=\"2022-08-28T19:25:20+00:00\" \/>\n<meta name=\"twitter:card\" content=\"summary_large_image\" \/>\n<meta name=\"twitter:label1\" content=\"Estimated reading time\" \/>\n\t<meta name=\"twitter:data1\" content=\"2 minutes\" \/>\n<script type=\"application\/ld+json\" class=\"yoast-schema-graph\">{\"@context\":\"https:\/\/schema.org\",\"@graph\":[{\"@type\":\"WebPage\",\"@id\":\"https:\/\/tarnabyalpint.se\/skidakning\/racing\/fragor-och-svar-racing\/\",\"url\":\"https:\/\/tarnabyalpint.se\/skidakning\/racing\/fragor-och-svar-racing\/\",\"name\":\"Fr\u00e5gor och svar racing - T\u00e4rnaby Alpint\",\"isPartOf\":{\"@id\":\"https:\/\/tarnabyalpint.se\/#website\"},\"datePublished\":\"2022-08-28T19:23:12+00:00\",\"dateModified\":\"2022-08-28T19:25:20+00:00\",\"breadcrumb\":{\"@id\":\"https:\/\/tarnabyalpint.se\/skidakning\/racing\/fragor-och-svar-racing\/#breadcrumb\"},\"inLanguage\":\"en-GB\",\"potentialAction\":[{\"@type\":\"ReadAction\",\"target\":[\"https:\/\/tarnabyalpint.se\/skidakning\/racing\/fragor-och-svar-racing\/\"]}]},{\"@type\":\"BreadcrumbList\",\"@id\":\"https:\/\/tarnabyalpint.se\/skidakning\/racing\/fragor-och-svar-racing\/#breadcrumb\",\"itemListElement\":[{\"@type\":\"ListItem\",\"position\":1,\"name\":\"Skid\u00e5kning\",\"item\":\"https:\/\/tarnabyalpint.se\/skidakning\/\"},{\"@type\":\"ListItem\",\"position\":2,\"name\":\"Racing\",\"item\":\"https:\/\/tarnabyalpint.se\/skidakning\/racing\/\"},{\"@type\":\"ListItem\",\"position\":3,\"name\":\"Fr\u00e5gor och svar racing\"}]},{\"@type\":\"WebSite\",\"@id\":\"https:\/\/tarnabyalpint.se\/#website\",\"url\":\"https:\/\/tarnabyalpint.se\/\",\"name\":\"T\u00e4rnaby Alpint\",\"description\":\"En till WordPress-webbplats\",\"publisher\":{\"@id\":\"https:\/\/tarnabyalpint.se\/#organization\"},\"potentialAction\":[{\"@type\":\"SearchAction\",\"target\":{\"@type\":\"EntryPoint\",\"urlTemplate\":\"https:\/\/tarnabyalpint.se\/?s={search_term_string}\"},\"query-input\":{\"@type\":\"PropertyValueSpecification\",\"valueRequired\":true,\"valueName\":\"search_term_string\"}}],\"inLanguage\":\"en-GB\"},{\"@type\":\"Organization\",\"@id\":\"https:\/\/tarnabyalpint.se\/#organization\",\"name\":\"T\u00e4rnaby Alpint\",\"url\":\"https:\/\/tarnabyalpint.se\/\",\"logo\":{\"@type\":\"ImageObject\",\"inLanguage\":\"en-GB\",\"@id\":\"https:\/\/tarnabyalpint.se\/#\/schema\/logo\/image\/\",\"url\":\"https:\/\/tarnabyalpint.se\/wp-content\/uploads\/2022\/08\/tarnaby-alpint-white-blue-logo.jpg\",\"contentUrl\":\"https:\/\/tarnabyalpint.se\/wp-content\/uploads\/2022\/08\/tarnaby-alpint-white-blue-logo.jpg\",\"width\":900,\"height\":610,\"caption\":\"T\u00e4rnaby Alpint\"},\"image\":{\"@id\":\"https:\/\/tarnabyalpint.se\/#\/schema\/logo\/image\/\"},\"sameAs\":[\"https:\/\/www.facebook.com\/profile.php?id=100063492703007\"]}]}<\/script>\n<!-- \/ Yoast SEO plugin. -->","yoast_head_json":{"title":"Questions and answers racing - T\u00e4rnaby Alpint","robots":{"index":"index","follow":"follow","max-snippet":"max-snippet:-1","max-image-preview":"max-image-preview:large","max-video-preview":"max-video-preview:-1"},"canonical":"https:\/\/tarnabyalpint.se\/en\/ski-waxing\/racing\/questions-and-answers-racing\/","og_locale":"en_GB","og_type":"article","og_title":"Fr\u00e5gor och svar racing - T\u00e4rnaby Alpint","og_description":"H\u00e4r nedan finner ni vanliga racingfr\u00e5gor och svar p\u00e5 dessa.","og_url":"https:\/\/tarnabyalpint.se\/en\/ski-waxing\/racing\/questions-and-answers-racing\/","og_site_name":"T\u00e4rnaby Alpint","article_publisher":"https:\/\/www.facebook.com\/profile.php?id=100063492703007","article_modified_time":"2022-08-28T19:25:20+00:00","twitter_card":"summary_large_image","twitter_misc":{"Estimated reading time":"2 minutes"},"schema":{"@context":"https:\/\/schema.org","@graph":[{"@type":"WebPage","@id":"https:\/\/tarnabyalpint.se\/skidakning\/racing\/fragor-och-svar-racing\/","url":"https:\/\/tarnabyalpint.se\/skidakning\/racing\/fragor-och-svar-racing\/","name":"Questions and answers racing - T\u00e4rnaby Alpint","isPartOf":{"@id":"https:\/\/tarnabyalpint.se\/#website"},"datePublished":"2022-08-28T19:23:12+00:00","dateModified":"2022-08-28T19:25:20+00:00","breadcrumb":{"@id":"https:\/\/tarnabyalpint.se\/skidakning\/racing\/fragor-och-svar-racing\/#breadcrumb"},"inLanguage":"en-GB","potentialAction":[{"@type":"ReadAction","target":["https:\/\/tarnabyalpint.se\/skidakning\/racing\/fragor-och-svar-racing\/"]}]},{"@type":"BreadcrumbList","@id":"https:\/\/tarnabyalpint.se\/skidakning\/racing\/fragor-och-svar-racing\/#breadcrumb","itemListElement":[{"@type":"ListItem","position":1,"name":"Skid\u00e5kning","item":"https:\/\/tarnabyalpint.se\/skidakning\/"},{"@type":"ListItem","position":2,"name":"Racing","item":"https:\/\/tarnabyalpint.se\/skidakning\/racing\/"},{"@type":"ListItem","position":3,"name":"Fr\u00e5gor och svar racing"}]},{"@type":"WebSite","@id":"https:\/\/tarnabyalpint.se\/#website","url":"https:\/\/tarnabyalpint.se\/","name":"T\u00e4rnaby Alpine Skiing","description":"Another WordPress website","publisher":{"@id":"https:\/\/tarnabyalpint.se\/#organization"},"potentialAction":[{"@type":"SearchAction","target":{"@type":"EntryPoint","urlTemplate":"https:\/\/tarnabyalpint.se\/?s={search_term_string}"},"query-input":{"@type":"PropertyValueSpecification","valueRequired":true,"valueName":"search_term_string"}}],"inLanguage":"en-GB"},{"@type":"Organization","@id":"https:\/\/tarnabyalpint.se\/#organization","name":"T\u00e4rnaby Alpine Skiing","url":"https:\/\/tarnabyalpint.se\/","logo":{"@type":"ImageObject","inLanguage":"en-GB","@id":"https:\/\/tarnabyalpint.se\/#\/schema\/logo\/image\/","url":"https:\/\/tarnabyalpint.se\/wp-content\/uploads\/2022\/08\/tarnaby-alpint-white-blue-logo.jpg","contentUrl":"https:\/\/tarnabyalpint.se\/wp-content\/uploads\/2022\/08\/tarnaby-alpint-white-blue-logo.jpg","width":900,"height":610,"caption":"T\u00e4rnaby Alpint"},"image":{"@id":"https:\/\/tarnabyalpint.se\/#\/schema\/logo\/image\/"},"sameAs":["https:\/\/www.facebook.com\/profile.php?id=100063492703007"]}]}},"_links":{"self":[{"href":"https:\/\/tarnabyalpint.se\/en\/wp-json\/wp\/v2\/pages\/2092","targetHints":{"allow":["GET"]}}],"collection":[{"href":"https:\/\/tarnabyalpint.se\/en\/wp-json\/wp\/v2\/pages"}],"about":[{"href":"https:\/\/tarnabyalpint.se\/en\/wp-json\/wp\/v2\/types\/page"}],"author":[{"embeddable":true,"href":"https:\/\/tarnabyalpint.se\/en\/wp-json\/wp\/v2\/users\/1"}],"replies":[{"embeddable":true,"href":"https:\/\/tarnabyalpint.se\/en\/wp-json\/wp\/v2\/comments?post=2092"}],"version-history":[{"count":2,"href":"https:\/\/tarnabyalpint.se\/en\/wp-json\/wp\/v2\/pages\/2092\/revisions"}],"predecessor-version":[{"id":2095,"href":"https:\/\/tarnabyalpint.se\/en\/wp-json\/wp\/v2\/pages\/2092\/revisions\/2095"}],"up":[{"embeddable":true,"href":"https:\/\/tarnabyalpint.se\/en\/wp-json\/wp\/v2\/pages\/539"}],"wp:attachment":[{"href":"https:\/\/tarnabyalpint.se\/en\/wp-json\/wp\/v2\/media?parent=2092"}],"curies":[{"name":"wp","href":"https:\/\/api.w.org\/{rel}","templated":true}]}}